{"id":537,"date":"2024-10-18T11:05:38","date_gmt":"2024-10-18T09:05:38","guid":{"rendered":"https:\/\/www.my-press.fr\/blog-mathilde-vidallet\/?page_id=537"},"modified":"2024-10-23T14:15:03","modified_gmt":"2024-10-23T12:15:03","slug":"formulaire-de-consultation","status":"publish","type":"page","link":"https:\/\/www.my-press.fr\/blog-mathilde-vidallet\/formulaire-de-consultation\/","title":{"rendered":"Formulaire de consultation"},"content":{"rendered":"<div class=\"wpforms-container wpforms-container-full wpforms-render-modern\" id=\"wpforms-563\"><form id=\"wpforms-form-563\" class=\"wpforms-validate wpforms-form wpforms-ajax-form\" data-formid=\"563\" method=\"post\" enctype=\"multipart\/form-data\" action=\"\/blog-mathilde-vidallet\/wp-json\/wp\/v2\/pages\/537\" data-token=\"e41e24ba339b295c607cd86029d8c68f\" data-token-time=\"1776756748\"><noscript class=\"wpforms-error-noscript\">Veuillez activer JavaScript dans votre navigateur pour remplir ce formulaire.<\/noscript><div class=\"wpforms-hidden\" id=\"wpforms-error-noscript\">Veuillez activer JavaScript dans votre navigateur pour remplir ce formulaire.<\/div><div class=\"wpforms-field-container\"><div id=\"wpforms-563-field_1-container\" class=\"wpforms-field wpforms-field-name\" data-field-id=\"1\"><fieldset><legend class=\"wpforms-field-label\">Nom <span class=\"wpforms-required-label\" aria-hidden=\"true\">*<\/span><\/legend><div class=\"wpforms-field-row wpforms-field-medium\"><div class=\"wpforms-field-row-block wpforms-first wpforms-one-half\"><input type=\"text\" id=\"wpforms-563-field_1\" class=\"wpforms-field-name-first wpforms-field-required\" name=\"wpforms[fields][1][first]\" aria-errormessage=\"wpforms-563-field_1-error\" required><label for=\"wpforms-563-field_1\" class=\"wpforms-field-sublabel after\">Pr\u00e9nom<\/label><\/div><div class=\"wpforms-field-row-block wpforms-one-half\"><input type=\"text\" id=\"wpforms-563-field_1-last\" class=\"wpforms-field-name-last wpforms-field-required\" name=\"wpforms[fields][1][last]\" aria-errormessage=\"wpforms-563-field_1-last-error\" required><label for=\"wpforms-563-field_1-last\" class=\"wpforms-field-sublabel after\">Nom<\/label><\/div><\/div><\/fieldset><\/div><div id=\"wpforms-563-field_2-container\" class=\"wpforms-field wpforms-field-email\" data-field-id=\"2\"><label class=\"wpforms-field-label\" for=\"wpforms-563-field_2\">E-mail <span class=\"wpforms-required-label\" aria-hidden=\"true\">*<\/span><\/label><input type=\"email\" id=\"wpforms-563-field_2\" class=\"wpforms-field-medium wpforms-field-required\" name=\"wpforms[fields][2]\" spellcheck=\"false\" aria-errormessage=\"wpforms-563-field_2-error\" required><\/div><div id=\"wpforms-563-field_4-container\" class=\"wpforms-field wpforms-field-select wpforms-field-select-style-modern\" data-field-id=\"4\"><label class=\"wpforms-field-label\" for=\"wpforms-563-field_4\">Ressource t\u00e9l\u00e9charg\u00e9e <span class=\"wpforms-required-label\" aria-hidden=\"true\">*<\/span><\/label><select id=\"wpforms-563-field_4\" class=\"wpforms-field-medium wpforms-field-required choicesjs-select\" data-size-class=\"wpforms-field-row wpforms-field-medium\" data-search-enabled=\"\" name=\"wpforms[fields][4]\" required=\"required\"><option value=\"\" class=\"placeholder\" disabled  selected='selected'> arbo 01 projet<\/option><option value=\"593\" >arbo 01 projet<\/option><option value=\"611\" >Arbo 02 projet<\/option><\/select><\/div><\/div><!-- .wpforms-field-container --><div class=\"wpforms-submit-container\" ><input type=\"hidden\" name=\"wpforms[id]\" value=\"563\"><input type=\"hidden\" name=\"page_title\" value=\"\"><input type=\"hidden\" name=\"page_url\" value=\"https:\/\/www.my-press.fr\/blog-mathilde-vidallet\/wp-json\/wp\/v2\/pages\/537\"><button type=\"submit\" name=\"wpforms[submit]\" id=\"wpforms-submit-563\" class=\"wpforms-submit\" data-alt-text=\"Envoi...\" data-submit-text=\"Envoyer\" aria-live=\"assertive\" value=\"wpforms-submit\">Envoyer<\/button><img loading=\"lazy\" decoding=\"async\" src=\"https:\/\/www.my-press.fr\/blog-mathilde-vidallet\/wp-content\/plugins\/wpforms-lite\/assets\/images\/submit-spin.svg\" class=\"wpforms-submit-spinner\" style=\"display: none;\" width=\"26\" height=\"26\" alt=\"Chargement en cours\"><\/div><\/form><\/div>  <!-- .wpforms-container -->\n<span class=\"et_bloom_bottom_trigger\"><\/span>","protected":false},"excerpt":{"rendered":"","protected":false},"author":1,"featured_media":0,"parent":0,"menu_order":0,"comment_status":"closed","ping_status":"closed","template":"","meta":{"_et_pb_use_builder":"off","_et_pb_old_content":"","_et_gb_content_width":"","footnotes":""},"class_list":["post-537","page","type-page","status-publish","hentry"],"_links":{"self":[{"href":"https:\/\/www.my-press.fr\/blog-mathilde-vidallet\/wp-json\/wp\/v2\/pages\/537"}],"collection":[{"href":"https:\/\/www.my-press.fr\/blog-mathilde-vidallet\/wp-json\/wp\/v2\/pages"}],"about":[{"href":"https:\/\/www.my-press.fr\/blog-mathilde-vidallet\/wp-json\/wp\/v2\/types\/page"}],"author":[{"embeddable":true,"href":"https:\/\/www.my-press.fr\/blog-mathilde-vidallet\/wp-json\/wp\/v2\/users\/1"}],"replies":[{"embeddable":true,"href":"https:\/\/www.my-press.fr\/blog-mathilde-vidallet\/wp-json\/wp\/v2\/comments?post=537"}],"version-history":[{"count":9,"href":"https:\/\/www.my-press.fr\/blog-mathilde-vidallet\/wp-json\/wp\/v2\/pages\/537\/revisions"}],"predecessor-version":[{"id":590,"href":"https:\/\/www.my-press.fr\/blog-mathilde-vidallet\/wp-json\/wp\/v2\/pages\/537\/revisions\/590"}],"wp:attachment":[{"href":"https:\/\/www.my-press.fr\/blog-mathilde-vidallet\/wp-json\/wp\/v2\/media?parent=537"}],"curies":[{"name":"wp","href":"https:\/\/api.w.org\/{rel}","templated":true}]}}