{"id":283,"date":"2017-06-26T15:40:26","date_gmt":"2017-06-26T13:40:26","guid":{"rendered":"https:\/\/www.my-press.fr\/blog-my-press\/?page_id=283"},"modified":"2018-04-10T14:58:16","modified_gmt":"2018-04-10T12:58:16","slug":"a-propos-de","status":"publish","type":"page","link":"https:\/\/www.my-press.fr\/blog-mathilde-vidallet\/a-propos-de\/","title":{"rendered":"A propos de"},"content":{"rendered":"<p>[et_pb_section bb_built=&#8221;1&#8243; fullwidth=&#8221;on&#8221; _builder_version=&#8221;3.0.47&#8243; next_background_color=&#8221;#000000&#8243;][et_pb_fullwidth_slider show_arrows=&#8221;off&#8221; show_pagination=&#8221;off&#8221; _builder_version=&#8221;3.0.51&#8243; background_position=&#8221;center_left&#8221; custom_padding=&#8221;|||&#8221; custom_padding_tablet=&#8221;|||&#8221; custom_padding_phone=&#8221;|||&#8221; show_inner_shadow=&#8221;on&#8221; show_content_on_mobile=&#8221;on&#8221; show_cta_on_mobile=&#8221;on&#8221; box_shadow_horizontal=&#8221;0px&#8221; box_shadow_vertical=&#8221;0px&#8221; box_shadow_blur=&#8221;10px&#8221; box_shadow_spread=&#8221;0px&#8221; box_shadow_position=&#8221;inner&#8221; box_shadow_color=&#8221;rgba(0,0,0,0.1)&#8221; box_shadow_style=&#8221;preset6&#8243;][et_pb_slide heading=&#8221;Mathilde Vidallet est My Press Web&#8221; use_bg_overlay=&#8221;off&#8221; use_text_overlay=&#8221;on&#8221; _builder_version=&#8221;3.0.47&#8243; header_font=&#8221;||||&#8221; body_font=&#8221;||||&#8221; background_image=&#8221;https:\/\/www.my-press.fr\/blog-my-press\/wp-content\/uploads\/sites\/5\/2017\/06\/mathilde01.jpg&#8221; button_icon_placement=&#8221;right&#8221; button_on_hover=&#8221;on&#8221;]<em>Agenceuse de communication<\/em><br \/>\n[\/et_pb_slide][\/et_pb_fullwidth_slider][\/et_pb_section][et_pb_section bb_built=&#8221;1&#8243; admin_label=&#8221;section&#8221; _builder_version=&#8221;3.0.47&#8243; prev_background_color=&#8221;#000000&#8243; next_background_color=&#8221;rgba(0,0,0,0.62)&#8221;][et_pb_row admin_label=&#8221;row&#8221; _builder_version=&#8221;3.0.47&#8243; background_size=&#8221;initial&#8221; background_position=&#8221;top_left&#8221; background_repeat=&#8221;repeat&#8221;][et_pb_column type=&#8221;1_3&#8243;][et_pb_divider disabled_on=&#8221;on|on|off&#8221; _builder_version=&#8221;3.0.51&#8243; \/][et_pb_text admin_label=&#8221;Text&#8221; _builder_version=&#8221;3.0.51&#8243; background_size=&#8221;initial&#8221; background_position=&#8221;top_left&#8221; background_repeat=&#8221;repeat&#8221; module_alignment=&#8221;left&#8221; border_style=&#8221;solid&#8221;]<\/p>\n<h1>Mon histoire<\/h1>\n<p>Apr\u00e8s plus de vingt\u00a0ann\u00e9es \u00e0 travailler\u00a0dans le domaine des industries graphiques et de l\u2019imprimerie, passionn\u00e9e par la communication visuelle, je me suis donc install\u00e9e en tant que freelance en avril 2016. Toujours \u00e0 la recherche d\u2019une\u00a0\u00e9volution personnelle, je me suis donc lanc\u00e9e dans les m\u00e9andres du World Wide Web.<\/p>\n<p>Proposant ainsi\u00a0une communication globale allant de la cr\u00e9ation d\u2019identit\u00e9 visuelle, l\u2019infographie et la mise en page sur tous supports jusqu\u2019\u00e0 la cr\u00e9ation de sites internet.\u00a0Cela permet de proposer une solution compl\u00e8te de communication. Tout est plus simple pour vous, vous n\u2019avez plus\u00a0qu\u2019un seul interlocuteur.<\/p>\n<h1>Pour qui ? Pour quoi ?<\/h1>\n<p>L&#8217;Objectif de ce blog est de vous donner des &#8220;tuyaux&#8221;<\/p>\n<p>[\/et_pb_text][et_pb_divider disabled_on=&#8221;on|on|off&#8221; _builder_version=&#8221;3.0.51&#8243; \/][\/et_pb_column][et_pb_column type=&#8221;2_3&#8243;][et_pb_divider disabled_on=&#8221;on|on|off&#8221; _builder_version=&#8221;3.0.51&#8243; \/][et_pb_text _builder_version=&#8221;3.0.51&#8243;]<\/p>\n<h1>Comp\u00e9tences<\/h1>\n<p>[\/et_pb_text][et_pb_toggle title=&#8221;Design&#8221; _builder_version=&#8221;3.0.106&#8243; open=&#8221;off&#8221;]<\/p>\n<p>&nbsp;<\/p>\n<ul>\n<li>Photoshop<\/li>\n<li>Illustrator<\/li>\n<li>Indesign<\/li>\n<li>Quark Xpress<\/li>\n<li>After Effect<\/li>\n<\/ul>\n<p>[\/et_pb_toggle][et_pb_toggle title=&#8221;Web&#8221; _builder_version=&#8221;3.0.51&#8243;]<\/p>\n<ul>\n<li>WordPress<\/li>\n<li>D\u00e9veloppement web<\/li>\n<li>Community management<\/li>\n<li>R\u00e9f\u00e9rencement naturel<\/li>\n<\/ul>\n<p>[\/et_pb_toggle][et_pb_toggle title=&#8221;Accompagnement&#8221; _builder_version=&#8221;3.0.51&#8243;]<\/p>\n<ul>\n<li>Maintenance<\/li>\n<li>Formation<\/li>\n<li>S\u00e9curit\u00e9<\/li>\n<\/ul>\n<p>[\/et_pb_toggle][\/et_pb_column][\/et_pb_row][\/et_pb_section][et_pb_section bb_built=&#8221;1&#8243; background_color=&#8221;rgba(0,0,0,0.62)&#8221; _builder_version=&#8221;3.0.51&#8243; prev_background_color=&#8221;#ffffff&#8221; next_background_color=&#8221;#757575&#8243;][et_pb_row _builder_version=&#8221;3.0.47&#8243; background_size=&#8221;initial&#8221; background_position=&#8221;top_left&#8221; background_repeat=&#8221;repeat&#8221;][et_pb_column type=&#8221;4_4&#8243;][et_pb_divider disabled_on=&#8221;on|on|off&#8221; _builder_version=&#8221;3.0.51&#8243; \/][et_pb_divider disabled_on=&#8221;on|on|off&#8221; _builder_version=&#8221;3.0.51&#8243; \/][et_pb_text _builder_version=&#8221;3.0.51&#8243; module_alignment=&#8221;left&#8221; border_style=&#8221;solid&#8221;]<\/p>\n<h1 style=\"text-align: center;\"><span style=\"color: #ffffff;\">Etudes de cas<\/span><\/h1>\n<p>[\/et_pb_text][et_pb_divider disabled_on=&#8221;on|on|off&#8221; _builder_version=&#8221;3.0.51&#8243; \/][\/et_pb_column][\/et_pb_row][et_pb_row make_fullwidth=&#8221;on&#8221; use_custom_gutter=&#8221;on&#8221; gutter_width=&#8221;1&#8243; background_position_1=&#8221;top_left&#8221; background_position_2=&#8221;top_left&#8221; background_position_3=&#8221;top_left&#8221; background_position_4=&#8221;top_left&#8221; background_repeat_1=&#8221;no-repeat&#8221; background_repeat_2=&#8221;no-repeat&#8221; background_repeat_3=&#8221;no-repeat&#8221; background_repeat_4=&#8221;no-repeat&#8221; _builder_version=&#8221;3.0.51&#8243; background_size=&#8221;initial&#8221; background_position=&#8221;top_left&#8221; background_repeat=&#8221;repeat&#8221;][et_pb_column type=&#8221;1_4&#8243;][et_pb_image admin_label=&#8221;ongle emeraude&#8221; src=&#8221;https:\/\/www.my-press.fr\/blog-my-press\/wp-content\/uploads\/sites\/5\/2017\/06\/ongle2.jpg&#8221; url=&#8221;https:\/\/www.ongle-maquillage-permanent-saint-malo.fr\/&#8221; url_new_window=&#8221;on&#8221; _builder_version=&#8221;3.0.88&#8243; animation_style=&#8221;slide&#8221; animation_direction=&#8221;left&#8221; animation_duration=&#8221;500ms&#8221; animation_intensity_slide=&#8221;10%&#8221; \/][et_pb_image admin_label=&#8221;decodinan&#8221; src=&#8221;https:\/\/www.my-press.fr\/blog-my-press\/wp-content\/uploads\/sites\/5\/2017\/06\/decodinan-rea.jpg&#8221; url=&#8221;https:\/\/www.decodinan.fr\/&#8221; url_new_window=&#8221;on&#8221; _builder_version=&#8221;3.0.88&#8243; animation_style=&#8221;slide&#8221; animation_direction=&#8221;left&#8221; animation_duration=&#8221;500ms&#8221; animation_intensity_slide=&#8221;10%&#8221; \/][\/et_pb_column][et_pb_column type=&#8221;1_4&#8243;][et_pb_image admin_label=&#8221;Eita&#8221; src=&#8221;https:\/\/www.my-press.fr\/blog-my-press\/wp-content\/uploads\/sites\/5\/2017\/06\/eita-rea.jpg&#8221; url=&#8221;https:\/\/www.eita.fr\/&#8221; url_new_window=&#8221;on&#8221; _builder_version=&#8221;3.0.88&#8243; animation_style=&#8221;slide&#8221; animation_direction=&#8221;left&#8221; animation_duration=&#8221;500ms&#8221; animation_intensity_slide=&#8221;10%&#8221; \/][et_pb_image admin_label=&#8221;micro contact&#8221; src=&#8221;https:\/\/www.my-press.fr\/blog-my-press\/wp-content\/uploads\/sites\/5\/2017\/06\/micro-rea.jpg&#8221; url=&#8221;https:\/\/www.micro-contact.fr\/&#8221; url_new_window=&#8221;on&#8221; _builder_version=&#8221;3.0.88&#8243; animation_style=&#8221;slide&#8221; animation_direction=&#8221;left&#8221; animation_duration=&#8221;500ms&#8221; animation_intensity_slide=&#8221;10%&#8221; \/][\/et_pb_column][et_pb_column type=&#8221;1_4&#8243;][et_pb_image admin_label=&#8221;assmat&#8221; src=&#8221;https:\/\/www.my-press.fr\/blog-my-press\/wp-content\/uploads\/sites\/5\/2017\/06\/assmat-rea.jpg&#8221; url=&#8221;https:\/\/www.assistantsmaternelsilleetrance.fr\/&#8221; url_new_window=&#8221;on&#8221; _builder_version=&#8221;3.0.88&#8243; animation_style=&#8221;slide&#8221; animation_direction=&#8221;left&#8221; animation_duration=&#8221;500ms&#8221; animation_intensity_slide=&#8221;10%&#8221; \/][et_pb_image admin_label=&#8221;atm&#8221; src=&#8221;https:\/\/www.my-press.fr\/blog-my-press\/wp-content\/uploads\/sites\/5\/2017\/06\/atameca-rea.jpg&#8221; url=&#8221;https:\/\/www.atameca-selfgarage.fr\/&#8221; url_new_window=&#8221;on&#8221; _builder_version=&#8221;3.0.88&#8243; animation_style=&#8221;slide&#8221; animation_direction=&#8221;left&#8221; animation_duration=&#8221;500ms&#8221; animation_intensity_slide=&#8221;10%&#8221; \/][\/et_pb_column][et_pb_column type=&#8221;1_4&#8243;][et_pb_image admin_label=&#8221;pavi&#8221; src=&#8221;https:\/\/www.my-press.fr\/blog-my-press\/wp-content\/uploads\/sites\/5\/2017\/06\/lapavinamille-rea.jpg&#8221; url=&#8221;https:\/\/www.lapavinamille.fr\/&#8221; url_new_window=&#8221;on&#8221; _builder_version=&#8221;3.0.88&#8243; animation_style=&#8221;slide&#8221; animation_direction=&#8221;left&#8221; animation_duration=&#8221;500ms&#8221; animation_intensity_slide=&#8221;10%&#8221; \/][et_pb_image admin_label=&#8221;acces systeme&#8221; src=&#8221;https:\/\/www.my-press.fr\/blog-mathilde-vidallet\/wp-content\/uploads\/sites\/5\/2017\/06\/accessysteme.jpg&#8221; url=&#8221;https:\/\/www.acces-systeme.fr\/&#8221; url_new_window=&#8221;on&#8221; _builder_version=&#8221;3.0.88&#8243; animation_style=&#8221;slide&#8221; animation_direction=&#8221;left&#8221; animation_duration=&#8221;500ms&#8221; animation_intensity_slide=&#8221;10%&#8221; \/][\/et_pb_column][\/et_pb_row][\/et_pb_section][et_pb_section bb_built=&#8221;1&#8243; background_color=&#8221;#757575&#8243; _builder_version=&#8221;3.0.106&#8243; prev_background_color=&#8221;rgba(0,0,0,0.62)&#8221;][et_pb_row _builder_version=&#8221;3.0.47&#8243; background_size=&#8221;initial&#8221; background_position=&#8221;top_left&#8221; background_repeat=&#8221;repeat&#8221;][et_pb_column type=&#8221;4_4&#8243;][et_pb_divider disabled_on=&#8221;on|on|off&#8221; _builder_version=&#8221;3.0.51&#8243; \/][et_pb_contact_form email=&#8221;contact@my-press.fr&#8221; title=&#8221;Une question, un sujet \u00e0 aborder, contactez-moi !&#8221; success_message=&#8221;Votre mail a bien \u00e9t\u00e9 envoy\u00e9, je vous r\u00e9pondrai au plus vite !&#8221; submit_button_text=&#8221;Envoyer&#8221; module_id=&#8221;et_pb_contact_form_0&#8243; _builder_version=&#8221;3.0.51&#8243; title_text_color=&#8221;#ffffff&#8221; custom_button=&#8221;on&#8221; button_text_color=&#8221;#ffffff&#8221; button_icon=&#8221;%%238%%&#8221; button_text_color_hover=&#8221;#47c9e5&#8243; button_bg_color_hover=&#8221;rgba(255,255,255,0.7)&#8221; custom_css_captcha_label=&#8221;color: white;&#8221; border_radii=&#8221;on||||&#8221; disabled_on=&#8221;on|on|on&#8221; disabled=&#8221;on&#8221;][et_pb_contact_field field_id=&#8221;Nom&#8221; field_title=&#8221;Nom&#8221; _builder_version=&#8221;3.0.47&#8243; form_field_font=&#8221;||||&#8221; border_radii=&#8221;on||||&#8221; use_border_color=&#8221;off&#8221;][\/et_pb_contact_field][et_pb_contact_field field_id=&#8221;Email&#8221; field_title=&#8221;Adresse e-mail&#8221; field_type=&#8221;email&#8221; _builder_version=&#8221;3.0.47&#8243; border_radii=&#8221;on||||&#8221;][\/et_pb_contact_field][et_pb_contact_field field_id=&#8221;Message&#8221; field_title=&#8221;Message&#8221; field_type=&#8221;text&#8221; fullwidth_field=&#8221;on&#8221; _builder_version=&#8221;3.0.47&#8243; border_radii=&#8221;on||||&#8221;][\/et_pb_contact_field][\/et_pb_contact_form][et_pb_code _builder_version=&#8221;3.0.106&#8243;]<div class=\"frm_forms  with_frm_style frm_style_style-formidable\" id=\"frm_form_4_container\" >\n<form enctype=\"multipart\/form-data\" method=\"post\" class=\"frm-show-form \" id=\"form_gmivy\"  >\n<div class=\"frm_form_fields \">\n<fieldset>\n<legend class=\"frm_screen_reader\">Une question, un sujet \u00e0 aborder, contactez-moi !<\/legend>\r\n<h3 class=\"frm_form_title\">Une question, un sujet \u00e0 aborder, contactez-moi !<\/h3>\r\n<div class=\"frm_fields_container\">\n<input type=\"hidden\" name=\"frm_action\" value=\"create\" \/>\n<input type=\"hidden\" name=\"form_id\" value=\"4\" \/>\n<input type=\"hidden\" name=\"frm_hide_fields_4\" id=\"frm_hide_fields_4\" value=\"\" \/>\n<input type=\"hidden\" name=\"form_key\" value=\"gmivy\" \/>\n<input type=\"hidden\" name=\"item_meta[0]\" value=\"\" \/>\n<input type=\"hidden\" id=\"frm_submit_entry_4\" name=\"frm_submit_entry_4\" value=\"b920abf6f2\" \/><input type=\"hidden\" name=\"_wp_http_referer\" value=\"\/blog-mathilde-vidallet\/wp-json\/wp\/v2\/pages\/283\" \/><div id=\"frm_field_11_container\" class=\"frm_form_field form-field  frm_required_field frm_none_container frm_first frm_half\">\r\n    <label for=\"field_vu9zn\" class=\"frm_primary_label\">Nom\r\n        <span class=\"frm_required\">*<\/span>\r\n    <\/label>\r\n    <input type=\"text\" id=\"field_vu9zn\" name=\"item_meta[11]\" value=\"\"  placeholder=\"Nom\" data-reqmsg=\"Ce champ ne peut pas \u00eatre vide\" aria-required=\"true\" data-invmsg=\"texte est non valide\" aria-invalid=\"false\"  \/>\r\n    \r\n    \r\n<\/div>\n<div id=\"frm_field_12_container\" class=\"frm_form_field form-field  frm_required_field frm_none_container frm_half frm_two_col\">\r\n    <label for=\"field_cgbbp\" class=\"frm_primary_label\">E-mail\r\n        <span class=\"frm_required\">*<\/span>\r\n    <\/label>\r\n    <input type=\"email\" id=\"field_cgbbp\" name=\"item_meta[12]\" value=\"\"  placeholder=\"E-mail\" data-reqmsg=\"Ce champ ne peut pas \u00eatre vide\" aria-required=\"true\" data-invmsg=\"E-mail est non valide\" aria-invalid=\"false\"  \/>\r\n    \r\n    \r\n<\/div>\n<div id=\"frm_field_14_container\" class=\"frm_form_field form-field  frm_none_container\">\n    <label for=\"field_ifb5z\" class=\"frm_primary_label\">Votre message\n        <span class=\"frm_required\"><\/span>\n    <\/label>\n    <textarea name=\"item_meta[14]\" id=\"field_ifb5z\" rows=\"5\"  placeholder=\"Votre message\" data-invmsg=\"Votre message est non valide\" aria-invalid=\"false\"  ><\/textarea>\n    \n    \n<\/div>\n<div id=\"frm_field_15_container\" class=\"frm_form_field form-field  frm_right_container\">\n    <label  class=\"frm_primary_label\"> \n        <span class=\"frm_required\"><\/span>\n    <\/label>\n    <div id=\"field_wpog4\" class=\"g-recaptcha\" data-sitekey=\"6LcmvlAUAAAAACt-wqtHuIypQN-tRekIxhCdLH6Q\" data-size=\"normal\" data-theme=\"light\"><\/div>\n    \n    \n<\/div>\n\t<input type=\"hidden\" name=\"item_key\" value=\"\" \/>\n\t<div class=\"frm_submit\">\r\n\r\n<button class=\"frm_button_submit\" type=\"submit\"  >Envoyer<\/button>\r\n\r\n<\/div><\/div>\n<\/fieldset>\n<\/div>\n<\/form>\n<\/div>\n[\/et_pb_code][et_pb_divider disabled_on=&#8221;on|on|off&#8221; _builder_version=&#8221;3.0.51&#8243; \/][\/et_pb_column][\/et_pb_row][\/et_pb_section]<\/p>\n<span class=\"et_bloom_bottom_trigger\"><\/span>","protected":false},"excerpt":{"rendered":"<p>Agenceuse de communication Mon histoire Apr\u00e8s plus de vingt\u00a0ann\u00e9es \u00e0 travailler\u00a0dans le domaine des industries graphiques et de l\u2019imprimerie, passionn\u00e9e par la communication visuelle, je me suis donc install\u00e9e en tant que freelance en avril 2016. Toujours \u00e0 la recherche d\u2019une\u00a0\u00e9volution personnelle, je me suis donc lanc\u00e9e dans les m\u00e9andres du World Wide Web. Proposant [&hellip;]<\/p>\n","protected":false},"author":1,"featured_media":0,"parent":0,"menu_order":0,"comment_status":"closed","ping_status":"closed","template":"","meta":{"_et_pb_use_builder":"on","_et_pb_old_content":"<p>[et_pb_section bb_built=\"1\" admin_label=\"section\"][et_pb_row admin_label=\"row\"][\/et_pb_row][\/et_pb_section]<\/p>","_et_gb_content_width":"","footnotes":""},"class_list":["post-283","page","type-page","status-publish","hentry"],"_links":{"self":[{"href":"https:\/\/www.my-press.fr\/blog-mathilde-vidallet\/wp-json\/wp\/v2\/pages\/283"}],"collection":[{"href":"https:\/\/www.my-press.fr\/blog-mathilde-vidallet\/wp-json\/wp\/v2\/pages"}],"about":[{"href":"https:\/\/www.my-press.fr\/blog-mathilde-vidallet\/wp-json\/wp\/v2\/types\/page"}],"author":[{"embeddable":true,"href":"https:\/\/www.my-press.fr\/blog-mathilde-vidallet\/wp-json\/wp\/v2\/users\/1"}],"replies":[{"embeddable":true,"href":"https:\/\/www.my-press.fr\/blog-mathilde-vidallet\/wp-json\/wp\/v2\/comments?post=283"}],"version-history":[{"count":33,"href":"https:\/\/www.my-press.fr\/blog-mathilde-vidallet\/wp-json\/wp\/v2\/pages\/283\/revisions"}],"predecessor-version":[{"id":471,"href":"https:\/\/www.my-press.fr\/blog-mathilde-vidallet\/wp-json\/wp\/v2\/pages\/283\/revisions\/471"}],"wp:attachment":[{"href":"https:\/\/www.my-press.fr\/blog-mathilde-vidallet\/wp-json\/wp\/v2\/media?parent=283"}],"curies":[{"name":"wp","href":"https:\/\/api.w.org\/{rel}","templated":true}]}}